{"id":17,"date":"2026-04-03T22:07:34","date_gmt":"2026-04-03T22:07:34","guid":{"rendered":"http:\/\/sobiesky-heyselbeek.laeken.brussels\/?page_id=17"},"modified":"2026-04-03T22:40:04","modified_gmt":"2026-04-03T22:40:04","slug":"heyselbeek","status":"publish","type":"page","link":"https:\/\/sobiesky-heyselbeek.laeken.brussels\/index.php\/heyselbeek\/","title":{"rendered":"Heyselbeek"},"content":{"rendered":"\n<p>Laeken est intiment li\u00e9 \u00e0 l&#8217;eau. Son nom fait r\u00e9f\u00e9rence \u00e0 l&#8217;eau ( du Germanique Lachen ou du Latin Lacca). Le Molenbeek est le cours d&#8217;eau principal de Laeken, mais il traverser Laeken en sous sol dans un collecteur.  Le Heyselbeek est le seul cours d&#8217;eau visible dans le jardin colonial et il alimente l&#8217;\u00e9tang du parc Sobiesky.<\/p>\n\n\n\n<p>Les Amis du Heyselbeek militent pour la restauration du Heyselbeek<\/p>\n\n\n\n<p><\/p>\n","protected":false},"excerpt":{"rendered":"<p>Laeken est intiment li\u00e9 \u00e0 l&#8217;eau. Son nom fait r\u00e9f\u00e9rence \u00e0 l&#8217;eau ( du Germanique Lachen ou du Latin Lacca). Le Molenbeek<\/p>\n<p class=\"link-more\"><a class=\"myButt \" href=\"https:\/\/sobiesky-heyselbeek.laeken.brussels\/index.php\/heyselbeek\/\">Read More<\/a><\/p>\n","protected":false},"author":1,"featured_media":10,"parent":0,"menu_order":0,"comment_status":"closed","ping_status":"closed","template":"","meta":{"footnotes":""},"class_list":["post-17","page","type-page","status-publish","has-post-thumbnail","hentry"],"_links":{"self":[{"href":"https:\/\/sobiesky-heyselbeek.laeken.brussels\/index.php\/wp-json\/wp\/v2\/pages\/17","targetHints":{"allow":["GET"]}}],"collection":[{"href":"https:\/\/sobiesky-heyselbeek.laeken.brussels\/index.php\/wp-json\/wp\/v2\/pages"}],"about":[{"href":"https:\/\/sobiesky-heyselbeek.laeken.brussels\/index.php\/wp-json\/wp\/v2\/types\/page"}],"author":[{"embeddable":true,"href":"https:\/\/sobiesky-heyselbeek.laeken.brussels\/index.php\/wp-json\/wp\/v2\/users\/1"}],"replies":[{"embeddable":true,"href":"https:\/\/sobiesky-heyselbeek.laeken.brussels\/index.php\/wp-json\/wp\/v2\/comments?post=17"}],"version-history":[{"count":3,"href":"https:\/\/sobiesky-heyselbeek.laeken.brussels\/index.php\/wp-json\/wp\/v2\/pages\/17\/revisions"}],"predecessor-version":[{"id":21,"href":"https:\/\/sobiesky-heyselbeek.laeken.brussels\/index.php\/wp-json\/wp\/v2\/pages\/17\/revisions\/21"}],"wp:featuredmedia":[{"embeddable":true,"href":"https:\/\/sobiesky-heyselbeek.laeken.brussels\/index.php\/wp-json\/wp\/v2\/media\/10"}],"wp:attachment":[{"href":"https:\/\/sobiesky-heyselbeek.laeken.brussels\/index.php\/wp-json\/wp\/v2\/media?parent=17"}],"curies":[{"name":"wp","href":"https:\/\/api.w.org\/{rel}","templated":true}]}}